{"id":61,"date":"2023-02-21T22:15:38","date_gmt":"2023-02-21T22:15:38","guid":{"rendered":"https:\/\/ugurproje.com.tr\/?page_id=61"},"modified":"2023-02-28T20:32:48","modified_gmt":"2023-02-28T20:32:48","slug":"rolove-restorasyon-restitusyon-renovasyon-dekorasyon","status":"publish","type":"page","link":"https:\/\/ugurproje.com.tr\/?page_id=61","title":{"rendered":"R\u00f6l\u00f6ve &#8211; Restorasyon &#8211; Restit\u00fcsyon &#8211; Renovasyon &#8211; Dekorasyon"},"content":{"rendered":"","protected":false},"excerpt":{"rendered":"","protected":false},"author":1,"featured_media":0,"parent":0,"menu_order":0,"comment_status":"closed","ping_status":"closed","template":"","meta":{"footnotes":""},"class_list":["post-61","page","type-page","status-publish","hentry"],"_links":{"self":[{"href":"https:\/\/ugurproje.com.tr\/index.php?rest_route=\/wp\/v2\/pages\/61","targetHints":{"allow":["GET"]}}],"collection":[{"href":"https:\/\/ugurproje.com.tr\/index.php?rest_route=\/wp\/v2\/pages"}],"about":[{"href":"https:\/\/ugurproje.com.tr\/index.php?rest_route=\/wp\/v2\/types\/page"}],"author":[{"embeddable":true,"href":"https:\/\/ugurproje.com.tr\/index.php?rest_route=\/wp\/v2\/users\/1"}],"replies":[{"embeddable":true,"href":"https:\/\/ugurproje.com.tr\/index.php?rest_route=%2Fwp%2Fv2%2Fcomments&post=61"}],"version-history":[{"count":3,"href":"https:\/\/ugurproje.com.tr\/index.php?rest_route=\/wp\/v2\/pages\/61\/revisions"}],"predecessor-version":[{"id":339,"href":"https:\/\/ugurproje.com.tr\/index.php?rest_route=\/wp\/v2\/pages\/61\/revisions\/339"}],"wp:attachment":[{"href":"https:\/\/ugurproje.com.tr\/index.php?rest_route=%2Fwp%2Fv2%2Fmedia&parent=61"}],"curies":[{"name":"wp","href":"https:\/\/api.w.org\/{rel}","templated":true}]}}