{"id":49,"date":"2023-02-21T22:13:49","date_gmt":"2023-02-21T22:13:49","guid":{"rendered":"https:\/\/ugurproje.com.tr\/?page_id=49"},"modified":"2023-02-28T09:08:56","modified_gmt":"2023-02-28T09:08:56","slug":"alisveris-merkezleri","status":"publish","type":"page","link":"https:\/\/ugurproje.com.tr\/?page_id=49","title":{"rendered":"Al\u0131\u015fveri\u015f Merkezleri"},"content":{"rendered":"\n\n\n\n\n\n\n\n\n\n\n\n\n\n\n\n","protected":false},"excerpt":{"rendered":"","protected":false},"author":1,"featured_media":0,"parent":0,"menu_order":0,"comment_status":"closed","ping_status":"closed","template":"","meta":{"footnotes":""},"class_list":["post-49","page","type-page","status-publish","hentry"],"_links":{"self":[{"href":"https:\/\/ugurproje.com.tr\/index.php?rest_route=\/wp\/v2\/pages\/49","targetHints":{"allow":["GET"]}}],"collection":[{"href":"https:\/\/ugurproje.com.tr\/index.php?rest_route=\/wp\/v2\/pages"}],"about":[{"href":"https:\/\/ugurproje.com.tr\/index.php?rest_route=\/wp\/v2\/types\/page"}],"author":[{"embeddable":true,"href":"https:\/\/ugurproje.com.tr\/index.php?rest_route=\/wp\/v2\/users\/1"}],"replies":[{"embeddable":true,"href":"https:\/\/ugurproje.com.tr\/index.php?rest_route=%2Fwp%2Fv2%2Fcomments&post=49"}],"version-history":[{"count":5,"href":"https:\/\/ugurproje.com.tr\/index.php?rest_route=\/wp\/v2\/pages\/49\/revisions"}],"predecessor-version":[{"id":162,"href":"https:\/\/ugurproje.com.tr\/index.php?rest_route=\/wp\/v2\/pages\/49\/revisions\/162"}],"wp:attachment":[{"href":"https:\/\/ugurproje.com.tr\/index.php?rest_route=%2Fwp%2Fv2%2Fmedia&parent=49"}],"curies":[{"name":"wp","href":"https:\/\/api.w.org\/{rel}","templated":true}]}}